{"id":14,"date":"2025-11-28T08:52:12","date_gmt":"2025-11-28T08:52:12","guid":{"rendered":"https:\/\/ceys-projektmanagement.de\/?page_id=14"},"modified":"2025-11-28T11:47:30","modified_gmt":"2025-11-28T11:47:30","slug":"ceys-projektmanagement-gmbh","status":"publish","type":"page","link":"https:\/\/ceys-projektmanagement.de\/","title":{"rendered":""},"content":{"rendered":"\n<figure class=\"wp-block-image size-full\"><img loading=\"lazy\" decoding=\"async\" width=\"576\" height=\"250\" src=\"https:\/\/ceys-projektmanagement.de\/wp-content\/uploads\/2025\/11\/cropped-ceys-logo-1.png\" alt=\"\" class=\"wp-image-31\" srcset=\"https:\/\/ceys-projektmanagement.de\/wp-content\/uploads\/2025\/11\/cropped-ceys-logo-1.png 576w, https:\/\/ceys-projektmanagement.de\/wp-content\/uploads\/2025\/11\/cropped-ceys-logo-1-300x130.png 300w\" sizes=\"auto, (max-width: 576px) 100vw, 576px\" \/><\/figure>\n\n\n\n<p class=\"has-text-align-center\">Zuverl\u00e4ssig-P\u00fcnktlich-Sorgf\u00e4ltig-Professionell<\/p>\n\n\n\n<p class=\"has-text-align-center\">ist Ihr zuverl\u00e4ssiges Unternehmen f\u00fcr Projektmanagement bei Bauvorhaben im Raum Berlin. Wir begleiten Sie bei Ihrem n\u00e4chsten Bauvorhaben und betreuen Sie w\u00e4hrend des gesamten Projekts. Dabei legen wir gro\u00dfen Wert auf Ihre pers\u00f6nliche Zufriedenheit und haben stets ein offenes Ohr f\u00fcr Fragen, W\u00fcnsche und Anregungen.<\/p>\n\n\n\n<p class=\"has-text-align-center is-style-default\">CEYS Projektmanagement GmbH k\u00fcmmert sich seit Jahren zuverl\u00e4ssig um Ihr Bauvorhaben. Wir arbeiten<strong> verl\u00e4sslich, p\u00fcnktlich<\/strong> und unsere <strong>erfahrenen Handwerker:innen<\/strong> sowie Ger\u00fcstbauer:innen stehen Ihnen stets bei allen Fragen zur freien Verf\u00fcgung. Bei unserer Arbeit setzen wir auf <strong>Qualit\u00e4t und eine sorgf\u00e4ltige Arbeitsweise. <\/strong>In Kombination mit unseren freundlichen Mitarbeiter:innen erreichen wir so unser h\u00f6chstes Ziel: Ihre Zufriedenheit.<\/p>\n\n\n\n<p class=\"has-text-align-center\">Wir sind stets f\u00fcr Sie erreichbar!<br><a href=\"tel:+4933782060081\">03378 &#8211; 206 008 1<\/a> oder <a href=\"mailto:info@ceys-projektmanagement.de\" data-type=\"mailto\" data-id=\"mailto:info@ceys-projektmanagement.de\">info@ceys-projektmanagement.de<\/a><\/p>\n\n\n\n<h4 class=\"wp-block-heading has-text-align-center\">PROJEKTMANAGEMENT MIT ZUVERL\u00c4SSIGKEIT.<\/h4>\n\n\n\n<p><\/p>\n","protected":false},"excerpt":{"rendered":"<p>Zuverl\u00e4ssig-P\u00fcnktlich-Sorgf\u00e4ltig-Professionell ist Ihr zuverl\u00e4ssiges Unternehmen f\u00fcr Projektmanagement bei Bauvorhaben im Raum Berlin. Wir begleiten Sie bei Ihrem n\u00e4chsten Bauvorhaben und betreuen Sie w\u00e4hrend des gesamten Projekts. Dabei legen wir gro\u00dfen Wert auf Ihre pers\u00f6nliche Zufriedenheit und haben stets ein offenes Ohr f\u00fcr Fragen, W\u00fcnsche und Anregungen. CEYS Projektmanagement GmbH k\u00fcmmert sich seit Jahren zuverl\u00e4ssig um &hellip; <\/p>\n<p class=\"link-more\"><a href=\"https:\/\/ceys-projektmanagement.de\/\" class=\"more-link\"><span class=\"screen-reader-text\">\u201e\u201c<\/span> weiterlesen<\/a><\/p>\n","protected":false},"author":1,"featured_media":22,"parent":0,"menu_order":0,"comment_status":"closed","ping_status":"closed","template":"page-with-title","meta":{"footnotes":""},"class_list":["post-14","page","type-page","status-publish","has-post-thumbnail","hentry"],"_links":{"self":[{"href":"https:\/\/ceys-projektmanagement.de\/index.php?rest_route=\/wp\/v2\/pages\/14","targetHints":{"allow":["GET"]}}],"collection":[{"href":"https:\/\/ceys-projektmanagement.de\/index.php?rest_route=\/wp\/v2\/pages"}],"about":[{"href":"https:\/\/ceys-projektmanagement.de\/index.php?rest_route=\/wp\/v2\/types\/page"}],"author":[{"embeddable":true,"href":"https:\/\/ceys-projektmanagement.de\/index.php?rest_route=\/wp\/v2\/users\/1"}],"replies":[{"embeddable":true,"href":"https:\/\/ceys-projektmanagement.de\/index.php?rest_route=%2Fwp%2Fv2%2Fcomments&post=14"}],"version-history":[{"count":10,"href":"https:\/\/ceys-projektmanagement.de\/index.php?rest_route=\/wp\/v2\/pages\/14\/revisions"}],"predecessor-version":[{"id":108,"href":"https:\/\/ceys-projektmanagement.de\/index.php?rest_route=\/wp\/v2\/pages\/14\/revisions\/108"}],"wp:featuredmedia":[{"embeddable":true,"href":"https:\/\/ceys-projektmanagement.de\/index.php?rest_route=\/wp\/v2\/media\/22"}],"wp:attachment":[{"href":"https:\/\/ceys-projektmanagement.de\/index.php?rest_route=%2Fwp%2Fv2%2Fmedia&parent=14"}],"curies":[{"name":"wp","href":"https:\/\/api.w.org\/{rel}","templated":true}]}}